{"id":286,"date":"2022-08-09T17:13:19","date_gmt":"2022-08-09T15:13:19","guid":{"rendered":"https:\/\/asmir.fr\/?page_id=286"},"modified":"2024-11-07T16:06:01","modified_gmt":"2024-11-07T15:06:01","slug":"mentions-legales","status":"publish","type":"page","link":"https:\/\/asmir.fr\/index.php\/mentions-legales\/","title":{"rendered":"Mentions l\u00e9gales"},"content":{"rendered":"[vc_row row_type=\u00a0\u00bbrow\u00a0\u00bb text_align=\u00a0\u00bbleft\u00a0\u00bb css_animation=\u00a0\u00bb\u00a0\u00bb css=\u00a0\u00bb.vc_custom_1664202099434{margin-top: 70px !important;margin-bottom: 40px !important;}\u00a0\u00bb][vc_column][vc_column_text]D\u00e9nomination sociale : ASMIR<br \/>\nForme juridique : Association<\/p>\n<p>Adresse : 5 La Bardonni\u00e8re, 85150 SAINTE FLAIVE DES LOUPS<br \/>\nResponsable de publication : Joseph JOLLY, Vice-Pr\u00e9sident<br \/>\nT\u00e9l\u00e9phone : 07.61.40.38.83<\/p>\n<p style=\"text-align: justify;\">ASMIR s\u2019engage \u00e0 respecter l\u2019ensemble des lois concernant la mise en place et l\u2019activit\u00e9 d\u2019un site Internet.<\/p>\n<p>&nbsp;<\/p>\n<h1>MENTIONS L\u00c9GALES<\/h1>\n<p>&nbsp;<\/p>\n<h3>Acc\u00e8s au site<\/h3>\n<p style=\"text-align: justify;\">L\u2019utilisateur de ce site reconna\u00eet disposer de la comp\u00e9tence et des moyens n\u00e9cessaires pour acc\u00e9der et utiliser ce site. \u00ab ASMIR \u00bb ne saurait \u00eatre tenu responsable des \u00e9l\u00e9ments en dehors de son contr\u00f4le et des dommages qui pourraient \u00e9ventuellement \u00eatre subis par l\u2019environnement technique de l\u2019utilisateur et notamment, ses ordinateurs, logiciels, \u00e9quipements r\u00e9seaux et tout autre mat\u00e9riel utilis\u00e9 pour acc\u00e9der ou utiliser le service et\/ou les informations. Il est rappel\u00e9 que le fait d\u2019acc\u00e9der ou de se maintenir frauduleusement dans un syst\u00e8me informatique, d\u2019entraver ou de fausser le fonctionnement d\u2019un tel syst\u00e8me, d\u2019introduire ou de modifier frauduleusement des donn\u00e9es dans un syst\u00e8me informatique constituent des d\u00e9lits passibles de sanctions p\u00e9nales. L\u2019acc\u00e8s au site \u00ab www.asmir.fr \u00bb est gratuit. Les frais d\u2019acc\u00e8s et d\u2019utilisation du r\u00e9seau de t\u00e9l\u00e9communication sont \u00e0 la charge du client, selon les modalit\u00e9s fix\u00e9es par ses fournisseurs d\u2019acc\u00e8s et\/ou op\u00e9rateurs de t\u00e9l\u00e9communication.<\/p>\n<p>&nbsp;<\/p>\n<h3>Liens hypertextes<\/h3>\n<p style=\"text-align: justify;\">La cr\u00e9ation de liens hypertextes vers le site \u00ab www.asmir.fr \u00bb est soumis \u00e0 l\u2019accord pr\u00e9alable du responsable de la publication. Les liens hypertextes \u00e9tablis en direction d\u2019autres sites ne sauraient, en aucun cas, engager la responsabilit\u00e9 de \u00ab ASMIR \u00bb.<\/p>\n<p>&nbsp;<\/p>\n<h3>Informations techniques<\/h3>\n<p style=\"text-align: justify;\">Il est rappel\u00e9 que le secret des correspondances n\u2019est pas garanti sur le r\u00e9seau Internet. L\u2019internaute est inform\u00e9 que lors de son acc\u00e8s au site, des \u00ab cookies \u00bb (fichiers texte employ\u00e9s pour enregistrer des informations sur le visiteur ou sur son parcours sur le site) sont utilis\u00e9s afin de permettre de l\u2019identifier anonymement et de conserver les informations saisies pendant toute la dur\u00e9e de sa connexion. Les informations contenues dans ce site sont susceptibles d\u2019\u00eatre modifi\u00e9es sans pr\u00e9avis.<\/p>\n<p>&nbsp;<\/p>\n<h3>Droits d\u2019auteurs<\/h3>\n<p style=\"text-align: justify;\">Tous les logos, marques et noms cit\u00e9s sont la propri\u00e9t\u00e9 de leurs d\u00e9tenteurs respectifs. Les ic\u00f4nes et photographies du site sont r\u00e9alis\u00e9es par \u00ab ASMIR \u00bb ou emprunt\u00e9es sur des banques d\u2019images libres de droit. \u00ab ASMIR \u00bb met un point d\u2019honneur \u00e0 respecter les droits d\u2019auteurs. Si malgr\u00e9 notre attention vous trouviez sur ce site un contenu non libre de diffusion ou dont les informations sont erron\u00e9es, vous pouvez nous en faire part en utilisant la rubrique Nous Contacter en pied de page. La reproduction ou repr\u00e9sentation, int\u00e9grale ou partielle des pages, des donn\u00e9es et de tout autre \u00e9l\u00e9ment constitutif du site de \u00ab ASMIR \u00bb, par quelque proc\u00e9d\u00e9 ou support que ce soit, est interdite et constitue, sans autorisation de l\u2019\u00e9diteur, une contrefa\u00e7on.<\/p>\n<p>&nbsp;<\/p>\n<p>&nbsp;<\/p>\n<h2 class=\"p_tc\"><strong>DONN\u00c9ES PERSONNELLES &amp; RGPD <\/strong><\/h2>\n<p>&nbsp;<\/p>\n<p class=\"p_tc\">Les donn\u00e9es \u00e0 caract\u00e8re personnel recueillies \u00e0 l\u2019occasion des commandes et des inscriptions d\u2019un abonn\u00e9 sur le site www.asmir.fr, h\u00e9berg\u00e9 sur un serveur d\u00e9di\u00e9 de <strong>Hostinger<\/strong>, font l\u2019objet de traitements informatiques d\u00e9clar\u00e9s \u00e0 la Commission Nationale de l\u2019Informatique et des Libert\u00e9s selon les termes de la Loi n\u00b0 78-17 du 6 janvier 1978 relative \u00e0 l\u2019informatique, aux fichiers et aux libert\u00e9s.<\/p>\n<p>&nbsp;<\/p>\n<p class=\"p_tc\">Ces donn\u00e9es sont trait\u00e9es par le responsable du site www.asmir.fr, Joseph JOLLY, seul destinataire des donn\u00e9es.<\/p>\n<p class=\"p_tc\">Les donn\u00e9es ne sont jamais transmises \u00e0 des partenaires ou tiers ni utilis\u00e9es \u00e0 des fins non pr\u00e9vues. Aucune information personnelle autre que celles demand\u00e9es dans ce cadre n\u2019est collect\u00e9e \u00e0 l\u2019insu des personnes concern\u00e9es.<\/p>\n<p>&nbsp;<\/p>\n<p style=\"text-align: justify;\">En outre, les donn\u00e9es recueillies : Nom, Pr\u00e9nom, Mail, Adresse postale, T\u00e9l\u00e9phone, \u2026 sont conserv\u00e9es :<\/p>\n<ul>\n<li>pour les <strong>utilisateurs du formulaire de contact<\/strong> : pendant le temps de traitement de la demande.<\/li>\n<\/ul>\n<p>&nbsp;<\/p>\n<p class=\"p_tc\">\u00c9galement, les donn\u00e9es transitant par le site font l\u2019objet d\u2019une attention de tous les instants quant \u00e0 leur s\u00e9curit\u00e9 et leur confidentialit\u00e9. Outre un site web en <em>HTTPS<\/em>, l\u2019acc\u00e8s \u00e0 l\u2019arri\u00e8re-guichet (<em>back-office<\/em>) du site est possible via des <em>logins<\/em> inventifs et des mots de passe complexes \u00e0 protection forte. Il est en de m\u00eame pour la bo\u00eete mail r\u00e9ceptacle des donn\u00e9es personnelles des utilisateurs. \u00c9galement, le site web\u00a0<em>www.asmir.fr <\/em>est \u00e9quip\u00e9 de nombreux modules de s\u00e9curit\u00e9 emp\u00eachant au maximum les intrusions malveillantes et les fuites de donn\u00e9es.<\/p>\n<p>&nbsp;<\/p>\n<p class=\"p_tc\">Cependant, l\u2019utilisateur de ce site peut \u00e0 tout moment introduire une r\u00e9clamation aupr\u00e8s de la <a href=\"https:\/\/www.cnil.fr\" target=\"_blank\" rel=\"noopener noreferrer\"><strong>Commission Nationale Informatique et Libert\u00e9s<\/strong><\/a> (CNIL), autorit\u00e9 de contr\u00f4le fran\u00e7aise.<\/p>\n<p>&nbsp;<\/p>\n<p class=\"p_tc\">Enfin, conform\u00e9ment aux <a title=\"Chapitre III du RGPD contenant les articles 15 et suivants du R\u00e8glement\" href=\"https:\/\/www.cnil.fr\/fr\/reglement-europeen-protection-donnees\/chapitre3\" target=\"_blank\" rel=\"noopener noreferrer\"><strong>articles 15 et suivants du R\u00e8glement g\u00e9n\u00e9ral sur la protection des donn\u00e9es<\/strong><\/a>, l\u2019utilisateur de ce site b\u00e9n\u00e9ficie des droits d\u2019acc\u00e8s, de rectification, d\u2019effacement et de limitation portant sur les donn\u00e9es le concernant ainsi que du droit d\u2019opposition portant sur les traitements de donn\u00e9es op\u00e9r\u00e9s via le site\u00a0www.asmir.fr en envoyant un <strong>e<\/strong><strong>-mail<\/strong> ou bien un courrier postal adress\u00e9 \u00e0 :<\/p>\n<p>Association ASMIR<br \/>\nM. Joseph JOLLY<br \/>\n9 Les Terres Noires<br \/>\n85150 SAINTE FLAIVE DES LOUPS[\/vc_column_text][\/vc_column][\/vc_row]\n","protected":false},"excerpt":{"rendered":"<p>[vc_row row_type=\u00a0\u00bbrow\u00a0\u00bb text_align=\u00a0\u00bbleft\u00a0\u00bb css_animation=\u00a0\u00bb\u00a0\u00bb css=\u00a0\u00bb.vc_custom_1664202099434{margin-top: 70px !important;margin-bottom: 40px !important;}\u00a0\u00bb][vc_column][vc_column_text]D\u00e9nomination sociale : ASMIR Forme juridique : Association Adresse : 5 La Bardonni\u00e8re, 85150 SAINTE FLAIVE DES LOUPS Responsable de publication : Joseph JOLLY, Vice-Pr\u00e9sident T\u00e9l\u00e9phone : 07.61.40.38.83 ASMIR s\u2019engage \u00e0 respecter l\u2019ensemble des lois concernant la&#8230;<\/p>\n","protected":false},"author":1,"featured_media":0,"parent":0,"menu_order":0,"comment_status":"closed","ping_status":"closed","template":"","meta":{"footnotes":""},"class_list":["post-286","page","type-page","status-publish","hentry"],"aioseo_notices":[],"_links":{"self":[{"href":"https:\/\/asmir.fr\/index.php\/wp-json\/wp\/v2\/pages\/286","targetHints":{"allow":["GET"]}}],"collection":[{"href":"https:\/\/asmir.fr\/index.php\/wp-json\/wp\/v2\/pages"}],"about":[{"href":"https:\/\/asmir.fr\/index.php\/wp-json\/wp\/v2\/types\/page"}],"author":[{"embeddable":true,"href":"https:\/\/asmir.fr\/index.php\/wp-json\/wp\/v2\/users\/1"}],"replies":[{"embeddable":true,"href":"https:\/\/asmir.fr\/index.php\/wp-json\/wp\/v2\/comments?post=286"}],"version-history":[{"count":27,"href":"https:\/\/asmir.fr\/index.php\/wp-json\/wp\/v2\/pages\/286\/revisions"}],"predecessor-version":[{"id":757,"href":"https:\/\/asmir.fr\/index.php\/wp-json\/wp\/v2\/pages\/286\/revisions\/757"}],"wp:attachment":[{"href":"https:\/\/asmir.fr\/index.php\/wp-json\/wp\/v2\/media?parent=286"}],"curies":[{"name":"wp","href":"https:\/\/api.w.org\/{rel}","templated":true}]}}