{"id":291,"date":"2022-08-09T17:44:23","date_gmt":"2022-08-09T15:44:23","guid":{"rendered":"https:\/\/asmir.fr\/?page_id=291"},"modified":"2026-02-27T15:33:15","modified_gmt":"2026-02-27T14:33:15","slug":"activites","status":"publish","type":"page","link":"https:\/\/asmir.fr\/index.php\/activites\/","title":{"rendered":"Activit\u00e9s"},"content":{"rendered":"[vc_row row_type=\u00a0\u00bbsection\u00a0\u00bb type=\u00a0\u00bbgrid\u00a0\u00bb anchor=\u00a0\u00bbtransport-solidaire\u00a0\u00bb text_align=\u00a0\u00bbcenter\u00a0\u00bb video=\u00a0\u00bb\u00a0\u00bb css=\u00a0\u00bb.vc_custom_1660060670763{margin-top: 70px !important;padding-bottom: 10px !important;background-image: url(https:\/\/asmir.fr\/wp-content\/uploads\/2022\/06\/header-background-scaled.jpg?id=27) !important;}\u00a0\u00bb el_id=\u00a0\u00bbtransport-solidaire\u00a0\u00bb][vc_column width=\u00a0\u00bb1\/2&Prime;][vc_separator type=\u00a0\u00bbtransparent\u00a0\u00bb up=\u00a0\u00bb60&Prime;][vc_single_image image=\u00a0\u00bb226&Prime; img_size=\u00a0\u00bb500&#215;500&Prime; alignment=\u00a0\u00bbcenter\u00a0\u00bb style=\u00a0\u00bbvc_box_shadow_3d\u00a0\u00bb][vc_single_image image=\u00a0\u00bb27&Prime; img_size=\u00a0\u00bbmedium\u00a0\u00bb alignment=\u00a0\u00bbcenter\u00a0\u00bb][vc_single_image image=\u00a0\u00bb816&Prime; img_size=\u00a0\u00bbmedium\u00a0\u00bb alignment=\u00a0\u00bbcenter\u00a0\u00bb onclick=\u00a0\u00bbcustom_link\u00a0\u00bb link=\u00a0\u00bbhttp:\/\/www.udams85.fr\u00a0\u00bb][vc_single_image image=\u00a0\u00bb823&Prime; img_size=\u00a0\u00bbmedium\u00a0\u00bb alignment=\u00a0\u00bbcenter\u00a0\u00bb onclick=\u00a0\u00bbcustom_link\u00a0\u00bb link=\u00a0\u00bbhttp:\/\/monalisa-asso.fr\u00a0\u00bb][\/vc_column][vc_column width=\u00a0\u00bb1\/2&Prime;][vc_custom_heading text=\u00a0\u00bbLe D\u00e9placement solidaire\u00a0\u00bb font_container=\u00a0\u00bbtag:h2|font_size:32|text_align:left|color:%23248d37&Prime; use_theme_fonts=\u00a0\u00bbyes\u00a0\u00bb][vc_separator type=\u00a0\u00bbtransparent\u00a0\u00bb][vc_column_text]\n<p style=\"text-align: justify;\">Le service \u00ab\u00a0d\u00e9placement solidaire\u00a0\u00bb a d\u00e9but\u00e9 sur la commune de Sainte Flaive des Loups en 2016. Il a \u00e9t\u00e9 mis en place ensuite \u00e0 Nieul Le Dolent, Martinet, Beaulieu sous La Roche, La Chapelle Hermier, Girouard et Saint Georges de Pointindoux.\u00a0\u00a0\u00a0\u00a0\u00a0\u00a0\u00a0\u00a0\u00a0\u00a0 De mieux en mieux connu et appr\u00e9ci\u00e9 de la population Il s&rsquo;est d\u00e9velopp\u00e9 progressivement dans dans les 7\u00a0 communes qui composent au jourd&rsquo;hui l&rsquo;association ASMIR pour atteindre aujourd&rsquo;hui 180 b\u00e9n\u00e9ficiaires et 50 chauffeurs accompagnateurs b\u00e9n\u00e9voles qui effectuent au total environ 27 000kms chaque ann\u00e9e.<\/p>\n<p style=\"text-align: justify;\">Les b\u00e9n\u00e9ficiaires s&rsquo;inscrivent au service en adh\u00e9rant \u00e0 l&rsquo;association soit pour l&rsquo;utiliser effectivement soit en pr\u00e9vision, \u00ab\u00a0au cas ou j&rsquo;en aurais besoin\u00a0\u00bb pour se rendre \u00e0 une consultation m\u00e9dicale, faire ses courses, ou toute autre n\u00e9cessit\u00e9 de la vie quotidienne Pour chaque besoin de d\u00e9placement la personne contacte un des chauffeurs inscrits dans la liste des chauffeurs b\u00e9n\u00e9voles de la commune. Ils organisent ensemble les modalit\u00e9s du d\u00e9placement (lieu du d\u00e9placement, heure du rendez vous etc).<\/p>\n<p style=\"text-align: justify;\">L&rsquo;activit\u00e9 est encadr\u00e9e par un r\u00e8glement bas\u00e9 sur le bon sens qui s&rsquo;impose autant aux b\u00e9n\u00e9ficiaires qu&rsquo;aux accompagnateurs. Chaque d\u00e9placement fait l&rsquo;objet d&rsquo;un d\u00e9dommagement financier correspondant aux charges de la voiture (0,45 \u20ac par km ), d\u00fb par le b\u00e9n\u00e9ficiaire directement au chauffeur.<\/p>\n<p style=\"text-align: justify;\">L&rsquo;association ASMIR est membre de diverses organisations d\u00e9partementales ( UDAMS*, MONALISA*)\u00a0 dont les objectifs sont de favoriser la communication du service aupr\u00e8s de la population, de rassembler nos forces par les \u00e9changes entre les diff\u00e9rents acteurs du d\u00e9placement solidaire, de mutualiser nos moyens, d&rsquo;\u00eatre interlocuteur et promoteur de nos actions aupr\u00e8s du Conseil D\u00e9partemental, l\u2019UDCCAS (union d\u00e9partementale des centres communaux d\u2019action sociale) et de d\u00e9velopper ainsi l\u2019acc\u00e8s \u00e0 la mobilit\u00e9 des personnes b\u00e9n\u00e9ficiaires.<\/p>\n<p style=\"text-align: justify;\">Pour toute demande de renseignements cliquez sur \u00ab\u00a0contact\u00a0\u00bb ci dessus et nous vous r\u00e9pondrons dans les meilleurs d\u00e9lais.<\/p>\n<p>&nbsp;<\/p>\n<p>&nbsp;<\/p>\n<p style=\"text-align: justify;\">UDAMS\u00a0: Union D\u00e9partementale d&rsquo;Accompagnement \u00e0 la Mobilit\u00e9 Solidaire<\/p>\n<p style=\"text-align: justify;\">MONALISA\u00a0: Mobilisation Nationale contre l&rsquo;Isolement Social des Ag\u00e9s<\/p>\n[\/vc_column_text][\/vc_column][vc_column][\/vc_column][\/vc_row][vc_row row_type=\u00a0\u00bbsection\u00a0\u00bb type=\u00a0\u00bbgrid\u00a0\u00bb anchor=\u00a0\u00bbvisites-domicile\u00a0\u00bb text_align=\u00a0\u00bbcenter\u00a0\u00bb video=\u00a0\u00bb\u00a0\u00bb css=\u00a0\u00bb.vc_custom_1660060692960{padding-bottom: 30px !important;background-image: url(https:\/\/asmir.fr\/wp-content\/uploads\/2022\/06\/header-background-scaled.jpg?id=27) !important;}\u00a0\u00bb el_id=\u00a0\u00bbvisites-domicile\u00a0\u00bb][vc_column width=\u00a0\u00bb1\/2&Prime;][vc_custom_heading text=\u00a0\u00bbLes Visites \u00e0 domicile\u00a0\u00bb font_container=\u00a0\u00bbtag:h2|font_size:32|text_align:left|color:%23248d37&Prime; use_theme_fonts=\u00a0\u00bbyes\u00a0\u00bb][vc_separator type=\u00a0\u00bbtransparent\u00a0\u00bb][vc_column_text]\n<p style=\"text-align: justify;\">Depuis plusieurs ann\u00e9es l\u2019association ASMIR, dans le cadre d\u2019un des objectifs de son projet associatif de lutte contre l\u2019isolement des personnes \u00e2g\u00e9es, a effectu\u00e9 des visites aux r\u00e9sidents de la MARPA de Sainte Flaive des Loups qui souhaitaient \u00e9changer avec des intervenants ext\u00e9rieurs. C\u2019est ainsi que deux personnes b\u00e9n\u00e9voles y sont intervenues pendant plusieurs ann\u00e9es. Nous les remercions chaleureusement du temps qu\u2019elles ont consacr\u00e9 \u00e0 cette action.<\/p>\n<p style=\"text-align: justify;\">Depuis plusieurs ann\u00e9es, l&rsquo;association ASMIR, dans le cadre d&rsquo;un des objectifs de son projet associatif de lutte contre l&rsquo;isolement des personnes \u00e2g\u00e9es, a effectu\u00e9 des visites aux r\u00e9sidents de la MARPA de Sainte Flaive des Loups qui souhaitaient \u00e9changer avec des intervenants ext\u00e9rieurs. C&rsquo;est ainsi que deux personnes b\u00e9n\u00e9voles y sont intervenues pendant plusieurs ann\u00e9es. Nous les remercions chaleureusement du temps qu&rsquo;elles ont consacr\u00e9 \u00e0 ces rencontres.<\/p>\n<p style=\"text-align: justify;\">Dans le prolongement de cette action, le service de Pr\u00e9vention S\u00e9niors de la Communaut\u00e9 de Communes du Pays des Achards a cr\u00e9\u00e9 un comit\u00e9 de pilotage compos\u00e9 d&rsquo;\u00e9lus et de b\u00e9n\u00e9voles du territoire pour r\u00e9fl\u00e9chir \u00e0 la mise en place de visites \u00e0 domicile aupr\u00e8s de personnes qui souffrent d&rsquo;isolement et qui en exprime le besoin. L&rsquo;association ASMIR a bien s\u00fbr particip\u00e9 \u00e0 ce travail de r\u00e9flexion qui s&rsquo;est concr\u00e9tis\u00e9 par la mise en place depuis deux ann\u00e9es maintenant de visites de convivialit\u00e9 \u00e0 domicile assur\u00e9es par des b\u00e9n\u00e9voles et des jeunes en service civique. Ces bin\u00f4mes visitent des personnes \u00e2g\u00e9es et isol\u00e9es et partagent ainsi un moment simple, chaleureux et d\u00e9sormais attendu.<\/p>\n<p style=\"text-align: justify;\">Pour toute demande de renseignements, cliquez sur \u00ab\u00a0Contact\u00a0\u00bb et nous vous r\u00e9pondrons dans les meilleurs d\u00e9lais.<\/p>\n[\/vc_column_text][\/vc_column][vc_column width=\u00a0\u00bb1\/2&Prime;][vc_separator type=\u00a0\u00bbtransparent\u00a0\u00bb up=\u00a0\u00bb60&Prime;][vc_single_image image=\u00a0\u00bb227&Prime; img_size=\u00a0\u00bb500&#215;500&Prime; alignment=\u00a0\u00bbcenter\u00a0\u00bb style=\u00a0\u00bbvc_box_shadow_3d\u00a0\u00bb][\/vc_column][\/vc_row][vc_row row_type=\u00a0\u00bbsection\u00a0\u00bb type=\u00a0\u00bbgrid\u00a0\u00bb anchor=\u00a0\u00bbactivites-solidaires\u00a0\u00bb text_align=\u00a0\u00bbcenter\u00a0\u00bb video=\u00a0\u00bb\u00a0\u00bb css=\u00a0\u00bb.vc_custom_1660060711969{padding-bottom: 30px !important;background-image: url(https:\/\/asmir.fr\/wp-content\/uploads\/2022\/06\/header-background-scaled.jpg?id=27) !important;}\u00a0\u00bb el_id=\u00a0\u00bbactivites-solidaires\u00a0\u00bb][vc_column width=\u00a0\u00bb1\/2&Prime;][vc_separator type=\u00a0\u00bbtransparent\u00a0\u00bb up=\u00a0\u00bb60&Prime;][vc_single_image image=\u00a0\u00bb225&Prime; img_size=\u00a0\u00bb500&#215;500&Prime; alignment=\u00a0\u00bbcenter\u00a0\u00bb style=\u00a0\u00bbvc_box_shadow_3d\u00a0\u00bb][\/vc_column][vc_column width=\u00a0\u00bb1\/2&Prime;][vc_custom_heading text=\u00a0\u00bbAutres Activit\u00e9s solidaires\u00a0\u00bb font_container=\u00a0\u00bbtag:h2|font_size:32|text_align:left|color:%23248d37&Prime; use_theme_fonts=\u00a0\u00bbyes\u00a0\u00bb][vc_separator type=\u00a0\u00bbtransparent\u00a0\u00bb][vc_column_text]\n<p style=\"text-align: justify;\">Dans le cadre de ses missions de lutte contre l&rsquo;isolement et de vecteur d&rsquo;actions soilidaires\u00a0 l\u2019association a mis en place dans son histoire r\u00e9cente diverses activit\u00e9s telles que les ateliers \u00ab\u00a0d\u00e9couverte de la tablette\u00a0\u00bb, \u00ab\u00a0internet et l&rsquo;acc\u00e8s aux droits\u00a0\u00bb, \u00ab\u00a0point num\u00e9rique solidaire\u00a0\u00bb, \u00ab\u00a0internet au quotidien\u00a0\u00bb. Elle a \u00e9galement collabor\u00e9 \u00e0 la mise en place par la Communaut\u00e9 de Communes du Pays des Achards des ateliers\u00a0 sur le th\u00e8me \u00ab\u00a0conduire en toute s\u00e9curit\u00e9\u00a0\u00bb.<\/p>\n<p style=\"text-align: justify;\">Avec\u00a0 le d\u00e9veloppement du service de transport solidaire dans les 7 communes adh\u00e9rentes,\u00a0 diverses actions de formation ont \u00e9t\u00e9 propos\u00e9es aux chauffeurs accompagnateurs pour faciliter leur intervention aupr\u00e8s des personnes b\u00e9n\u00e9ficiaires. Ces actions de formation sont conduites le plus souvent conjointement avec le service du transport solidaire des Achards et Saint Julien des Landes.<\/p>\n<p style=\"text-align: justify;\">L&rsquo;association ASMIR participe \u00e9galement aux activit\u00e9s d&rsquo;autres structures agissant au niveau local intercommunal et d\u00e9partemental. Ainsi, elle est en lien \u00e9troit avec les CCAS des 7 communes adh\u00e9rentes\u00a0; elle participe r\u00e9guli\u00e8rement aux r\u00e9unions du comit\u00e9 de pilotage du service \u00ab\u00a0pr\u00e9vention s\u00e9niors\u00a0\u00bb\u00a0 de la communaut\u00e9 de Communes du Pays des Achards; elle adh\u00e8re \u00e0 l&rsquo;UDAMS (Union D\u00e9partementale d&rsquo;Accompagnement \u00e0 la Mobilit\u00e9 Solidaire) et \u00e0 MONALISA (Mobilisation Nationale contre l&rsquo;Isolement Social des \u00c2g\u00e9s).<\/p>\n<p style=\"text-align: justify;\">L\u2019association est \u00e0 l\u2019\u00e9coute de tout nouveau besoin qui appara\u00eetrait sur le territoire. Elle est disponible pour les \u00e9tudier et inventer un plan d\u2019action solidaire.<\/p>\n[\/vc_column_text][\/vc_column][\/vc_row][vc_row row_type=\u00a0\u00bbrow\u00a0\u00bb text_align=\u00a0\u00bbleft\u00a0\u00bb css_animation=\u00a0\u00bb\u00a0\u00bb][vc_column][\/vc_column][\/vc_row]\n","protected":false},"excerpt":{"rendered":"<p>[vc_row row_type=\u00a0\u00bbsection\u00a0\u00bb type=\u00a0\u00bbgrid\u00a0\u00bb anchor=\u00a0\u00bbtransport-solidaire\u00a0\u00bb text_align=\u00a0\u00bbcenter\u00a0\u00bb video=\u00a0\u00bb\u00a0\u00bb css=\u00a0\u00bb.vc_custom_1660060670763{margin-top: 70px !important;padding-bottom: 10px !important;background-image: url(https:\/\/asmir.fr\/wp-content\/uploads\/2022\/06\/header-background-scaled.jpg?id=27) !important;}\u00a0\u00bb el_id=\u00a0\u00bbtransport-solidaire\u00a0\u00bb][vc_column width=\u00a0\u00bb1\/2&Prime;][vc_separator type=\u00a0\u00bbtransparent\u00a0\u00bb up=\u00a0\u00bb60&Prime;][vc_single_image image=\u00a0\u00bb226&Prime; img_size=\u00a0\u00bb500&#215;500&Prime; alignment=\u00a0\u00bbcenter\u00a0\u00bb style=\u00a0\u00bbvc_box_shadow_3d\u00a0\u00bb][vc_single_image image=\u00a0\u00bb27&Prime; img_size=\u00a0\u00bbmedium\u00a0\u00bb alignment=\u00a0\u00bbcenter\u00a0\u00bb][vc_single_image image=\u00a0\u00bb816&Prime; img_size=\u00a0\u00bbmedium\u00a0\u00bb alignment=\u00a0\u00bbcenter\u00a0\u00bb onclick=\u00a0\u00bbcustom_link\u00a0\u00bb link=\u00a0\u00bbhttp:\/\/www.udams85.fr\u00a0\u00bb][vc_single_image image=\u00a0\u00bb823&Prime; img_size=\u00a0\u00bbmedium\u00a0\u00bb alignment=\u00a0\u00bbcenter\u00a0\u00bb onclick=\u00a0\u00bbcustom_link\u00a0\u00bb link=\u00a0\u00bbhttp:\/\/monalisa-asso.fr\u00a0\u00bb][\/vc_column][vc_column width=\u00a0\u00bb1\/2&Prime;][vc_custom_heading text=\u00a0\u00bbLe D\u00e9placement solidaire\u00a0\u00bb font_container=\u00a0\u00bbtag:h2|font_size:32|text_align:left|color:%23248d37&Prime; use_theme_fonts=\u00a0\u00bbyes\u00a0\u00bb][vc_separator type=\u00a0\u00bbtransparent\u00a0\u00bb][vc_column_text] Le service \u00ab\u00a0d\u00e9placement solidaire\u00a0\u00bb&#8230;<\/p>\n","protected":false},"author":1,"featured_media":0,"parent":0,"menu_order":0,"comment_status":"closed","ping_status":"closed","template":"full_width.php","meta":{"footnotes":""},"class_list":["post-291","page","type-page","status-publish","hentry"],"aioseo_notices":[],"_links":{"self":[{"href":"https:\/\/asmir.fr\/index.php\/wp-json\/wp\/v2\/pages\/291","targetHints":{"allow":["GET"]}}],"collection":[{"href":"https:\/\/asmir.fr\/index.php\/wp-json\/wp\/v2\/pages"}],"about":[{"href":"https:\/\/asmir.fr\/index.php\/wp-json\/wp\/v2\/types\/page"}],"author":[{"embeddable":true,"href":"https:\/\/asmir.fr\/index.php\/wp-json\/wp\/v2\/users\/1"}],"replies":[{"embeddable":true,"href":"https:\/\/asmir.fr\/index.php\/wp-json\/wp\/v2\/comments?post=291"}],"version-history":[{"count":55,"href":"https:\/\/asmir.fr\/index.php\/wp-json\/wp\/v2\/pages\/291\/revisions"}],"predecessor-version":[{"id":782,"href":"https:\/\/asmir.fr\/index.php\/wp-json\/wp\/v2\/pages\/291\/revisions\/782"}],"wp:attachment":[{"href":"https:\/\/asmir.fr\/index.php\/wp-json\/wp\/v2\/media?parent=291"}],"curies":[{"name":"wp","href":"https:\/\/api.w.org\/{rel}","templated":true}]}}